{"id":42,"date":"2023-07-17T19:39:16","date_gmt":"2023-07-17T17:39:16","guid":{"rendered":"http:\/\/wp.grundschuleerichkaestner.de\/?page_id=42"},"modified":"2023-07-17T23:32:30","modified_gmt":"2023-07-17T21:32:30","slug":"schulsozialarbeit","status":"publish","type":"page","link":"https:\/\/www.grundschuleerichkaestner.de\/?page_id=42","title":{"rendered":"Unsere Schulsozialarbeiterin stellt sich vor"},"content":{"rendered":"\n<figure class=\"wp-block-image size-large is-resized is-style-rounded\"><img decoding=\"async\" loading=\"lazy\" src=\"https:\/\/www.grundschuleerichkaestner.de\/wp-content\/uploads\/2023\/07\/Foto-von-mir-979x1024.jpg\" alt=\"\" class=\"wp-image-702\" width=\"224\" height=\"234\" srcset=\"https:\/\/www.grundschuleerichkaestner.de\/wp-content\/uploads\/2023\/07\/Foto-von-mir-979x1024.jpg 979w, https:\/\/www.grundschuleerichkaestner.de\/wp-content\/uploads\/2023\/07\/Foto-von-mir-287x300.jpg 287w, https:\/\/www.grundschuleerichkaestner.de\/wp-content\/uploads\/2023\/07\/Foto-von-mir-768x803.jpg 768w, https:\/\/www.grundschuleerichkaestner.de\/wp-content\/uploads\/2023\/07\/Foto-von-mir-1468x1536.jpg 1468w, https:\/\/www.grundschuleerichkaestner.de\/wp-content\/uploads\/2023\/07\/Foto-von-mir-1958x2048.jpg 1958w\" sizes=\"(max-width: 224px) 100vw, 224px\" \/><\/figure>\n\n\n\n<p>Mein Name ist Conny K\u00fchne, ich bin Sozialp\u00e4dagogin und seit dem 1. Februar 2018 als Mitarbeiterin des Humanistischen Regionalverbands Ostbrandenburg, in Vollzeit, f\u00fcr die Sozialarbeit an der Grundschule Erich K\u00e4stner in K\u00f6nigs Wusterhausen t\u00e4tig.<\/p>\n\n\n\n<p><strong>Ich biete Ihren Kindern:<\/strong><\/p>\n\n\n\n<ul>\n<li>ein \u201eoffenes Ohr\u201c<\/li>\n\n\n\n<li>eine unabh\u00e4ngige Beratung in allen Lebensfragen<\/li>\n\n\n\n<li>Unterst\u00fctzung bei Schwierigkeiten, Konflikten und Problemen<\/li>\n<\/ul>\n\n\n\n<p><strong>Auch Ihnen als Eltern oder Erziehungsberechtigte m\u00f6chte ich beratend zur Seite stehen:<\/strong><\/p>\n\n\n\n<ul>\n<li>in Erziehungsfragen<\/li>\n\n\n\n<li>in schulischen Angelegenheiten<\/li>\n\n\n\n<li>bei famili\u00e4ren oder pers\u00f6nlichen Problemlagen<\/li>\n\n\n\n<li>Wir finden gemeinsam L\u00f6sungen\u2026.<\/li>\n\n\n\n<li>&#8230; oder wir ziehen weitere Beratungsstellen und Fachkr\u00e4fte hinzu.<\/li>\n<\/ul>\n\n\n\n<p><\/p>\n\n\n\n<blockquote class=\"wp-block-quote has-small-font-size\">\n<div class=\"inherit-container-width wp-block-group is-layout-constrained\">\n<p class=\"has-small-font-size\"><strong>Kontaktdaten:<\/strong><\/p>\n\n\n\n<p style=\"line-height:0\">Conny K\u00fchne<\/p>\n\n\n\n<p style=\"line-height:0\">Sozialarbeit an der Grundschule Erich K\u00e4stner<\/p>\n\n\n\n<p style=\"line-height:0\">Humanistischer Verband Deutschlands, Regionalverband Ostbrandenburg Kd\u00f6R<\/p>\n\n\n\n<p style=\"line-height:0\">Scheederstra\u00dfe 47<\/p>\n\n\n\n<p style=\"line-height:0\">15711 K\u00f6nigs Wusterhausen<\/p>\n\n\n\n<p style=\"line-height:0\">Mobil: 0152 59528852<\/p>\n\n\n\n<p style=\"line-height:0\">Email: <a href=\"mailto:c.kuehne@humanistenkw.de\">c.kuehne@humanistenkw.de<\/a><\/p>\n<\/div>\n<\/blockquote>\n\n\n\n<figure class=\"wp-block-image size-large is-resized is-style-default\"><img decoding=\"async\" loading=\"lazy\" src=\"https:\/\/www.grundschuleerichkaestner.de\/wp-content\/uploads\/2023\/07\/Collage-Bilder-Buero-1024x1024.jpg\" alt=\"\" class=\"wp-image-703\" width=\"826\" height=\"826\" srcset=\"https:\/\/www.grundschuleerichkaestner.de\/wp-content\/uploads\/2023\/07\/Collage-Bilder-Buero-1024x1024.jpg 1024w, https:\/\/www.grundschuleerichkaestner.de\/wp-content\/uploads\/2023\/07\/Collage-Bilder-Buero-300x300.jpg 300w, https:\/\/www.grundschuleerichkaestner.de\/wp-content\/uploads\/2023\/07\/Collage-Bilder-Buero-150x150.jpg 150w, https:\/\/www.grundschuleerichkaestner.de\/wp-content\/uploads\/2023\/07\/Collage-Bilder-Buero-768x768.jpg 768w, https:\/\/www.grundschuleerichkaestner.de\/wp-content\/uploads\/2023\/07\/Collage-Bilder-Buero-1536x1536.jpg 1536w, https:\/\/www.grundschuleerichkaestner.de\/wp-content\/uploads\/2023\/07\/Collage-Bilder-Buero-2048x2048.jpg 2048w\" sizes=\"(max-width: 826px) 100vw, 826px\" \/><\/figure>\n\n\n\n<p>Hier ein kleiner Einblick bzw. \u00dcberblick \u00fcber meine Aufgabenfelder innerhalb der Grundschule Erich K\u00e4stner:<\/p>\n\n\n\n<div class=\"wp-block-pb-accordion-item c-accordion__item js-accordion-item no-js\" data-initially-open=\"false\" data-click-to-close=\"true\" data-auto-close=\"false\" data-scroll=\"true\" data-scroll-offset=\"0\"><h6 id=\"at-420\" class=\"c-accordion__title js-accordion-controller\" role=\"button\">Angebote &#8211; selbstinitiierte Projekte<\/h6><div id=\"ac-420\" class=\"c-accordion__content\">\n<p><\/p>\n\n\n\n<p>1. Klasse: &nbsp;&nbsp;&nbsp;&nbsp;&nbsp;&nbsp;&nbsp;&nbsp;&nbsp;&nbsp;&nbsp;&nbsp;&nbsp;&nbsp;&nbsp;&nbsp;&nbsp;&nbsp; \u201eDas kleine Wir\u201c (Soziales Lernen\u201c)<\/p>\n\n\n\n<p>2. Klasse: &nbsp;&nbsp;&nbsp;&nbsp;&nbsp;&nbsp;&nbsp;&nbsp;&nbsp;&nbsp;&nbsp;&nbsp;&nbsp;&nbsp;&nbsp;&nbsp;&nbsp;&nbsp; Stationsarbeit \u201eGesunde Ern\u00e4hrung\u201c- \u201eUnsere 5 Sinne\u201c<\/p>\n\n\n\n<p>2.\/3. Klasse: &nbsp;&nbsp;&nbsp;&nbsp;&nbsp;&nbsp;&nbsp;&nbsp;&nbsp;&nbsp;&nbsp;&nbsp;&nbsp; \u201eGiraffenprojekt\u201c (Soziales Lernen\/ gemeinsam Klasse)<\/p>\n\n\n\n<p>3. Klasse:&nbsp;&nbsp;&nbsp;&nbsp;&nbsp;&nbsp;&nbsp;&nbsp;&nbsp;&nbsp;&nbsp;&nbsp;&nbsp;&nbsp;&nbsp;&nbsp;&nbsp;&nbsp;&nbsp; \u201eHandyf\u00fchrerschein\u201c<\/p>\n\n\n\n<p>4.\/6. Klasse: &nbsp;&nbsp;&nbsp;&nbsp;&nbsp;&nbsp;&nbsp;&nbsp;&nbsp;&nbsp;&nbsp;&nbsp;&nbsp; \u201eKlassenrat\u201c<\/p>\n\n\n\n<p>4\/6. Klasse:&nbsp;&nbsp;&nbsp;&nbsp;&nbsp;&nbsp;&nbsp;&nbsp;&nbsp;&nbsp;&nbsp;&nbsp;&nbsp;&nbsp;&nbsp;&nbsp; \u201eUmgang mit Handy und anderen Sozialen Medien\u201c, \u201eParcour- Soziale Medien\u201c<\/p>\n\n\n\n<p>4.\/6. Klasse:&nbsp;&nbsp;&nbsp;&nbsp;&nbsp;&nbsp;&nbsp;&nbsp;&nbsp;&nbsp;&nbsp;&nbsp;&nbsp;&nbsp;&nbsp; \u201eWhatsapp und Co.\u201c<\/p>\n\n\n\n<p>4.\/6. Klasse:&nbsp;&nbsp;&nbsp;&nbsp;&nbsp;&nbsp;&nbsp;&nbsp;&nbsp;&nbsp;&nbsp;&nbsp;&nbsp;&nbsp;&nbsp; \u201eKlassenchat\u201c<\/p>\n\n\n\n<p>5.\/6. Klasse:&nbsp;&nbsp;&nbsp;&nbsp;&nbsp;&nbsp;&nbsp;&nbsp;&nbsp;&nbsp;&nbsp;&nbsp;&nbsp;&nbsp;&nbsp; \u201eMobbing\/ Cybermobbing\u201c<\/p>\n\n\n\n<p>3.\/6. Klasse:&nbsp;&nbsp;&nbsp;&nbsp;&nbsp;&nbsp;&nbsp;&nbsp;&nbsp;&nbsp;&nbsp;&nbsp;&nbsp;&nbsp;&nbsp; Team- Building vs. Training sozialer Kompetenzen<\/p>\n\n\n\n<p>5.\/6. Klasse:&nbsp;&nbsp;&nbsp;&nbsp;&nbsp;&nbsp;&nbsp;&nbsp;&nbsp;&nbsp;&nbsp;&nbsp;&nbsp;&nbsp;&nbsp; \u201eAG- Streitschlichter\u201c<\/p>\n\n\n\n<p>Weitere Projekte in Planung.&nbsp;&nbsp;&nbsp;&nbsp;&nbsp;&nbsp;&nbsp;&nbsp;&nbsp;&nbsp;&nbsp;&nbsp;&nbsp;&nbsp;&nbsp;&nbsp;&nbsp;&nbsp;&nbsp;&nbsp;&nbsp;&nbsp;&nbsp;&nbsp;&nbsp;&nbsp;&nbsp;&nbsp;&nbsp;&nbsp;&nbsp;&nbsp;<\/p>\n\n\n\n<p><\/p>\n<\/div><\/div>\n\n\n\n<div class=\"wp-block-pb-accordion-item c-accordion__item js-accordion-item no-js\" data-initially-open=\"false\" data-click-to-close=\"true\" data-auto-close=\"true\" data-scroll=\"false\" data-scroll-offset=\"0\"><h6 id=\"at-421\" class=\"c-accordion__title js-accordion-controller\" role=\"button\">Begleitung\/ Unterst\u00fctzung\/ Nachbereitung vs. Auswertung externer Projekte:<\/h6><div id=\"ac-421\" class=\"c-accordion__content\">\n<ul>\n<li>\u201eGeh nicht mit Fremden mit\u201c- Pr\u00e4vention Polizei (2.Jahrgangsstufe)<\/li>\n\n\n\n<li>\u201eHeld oder Feigling\u201c- (6. Jahrgangsstufe)<\/li>\n<\/ul>\n<\/div><\/div>\n\n\n\n<p><\/p>\n\n\n\n<div class=\"wp-block-pb-accordion-item c-accordion__item js-accordion-item no-js\" data-initially-open=\"false\" data-click-to-close=\"true\" data-auto-close=\"false\" data-scroll=\"true\" data-scroll-offset=\"0\"><h6 id=\"at-422\" class=\"c-accordion__title js-accordion-controller\" role=\"button\">Arbeit mit Sch\u00fclergruppen \/ Angebote in und mit Schulklassen<\/h6><div id=\"ac-422\" class=\"c-accordion__content\">\n<p><\/p>\n\n\n\n<ul>\n<li>Durchf\u00fchrung von Gruppenarbeit zum Erwerb von Sozial- und Selbstkompetenzen in enger Abstimmung mit den Klassenlehrerinnen und Klassenlehrern<\/li>\n\n\n\n<li>Unterst\u00fctzung von Lerngruppen mit gruppenp\u00e4dagogischen Methoden bei Problemlagen zwischen Sch\u00fclerinnen und Sch\u00fclern<\/li>\n\n\n\n<li>Beratung und Vermittlung bei Problemlagen zwischen den jungen Menschen und im Schulkontext T\u00e4tigen<\/li>\n\n\n\n<li>Beratung und Unterst\u00fctzung der Sch\u00fclervertretung in Kooperation mit den im Schulkontext T\u00e4tigen<\/li>\n<\/ul>\n<\/div><\/div>\n\n\n\n<p><\/p>\n\n\n\n<p>Weitere T\u00e4tigkeiten in meiner Rolle als Sozialp\u00e4dagogin innerhalb der Schule:<\/p>\n\n\n\n<div class=\"wp-block-pb-accordion-item c-accordion__item js-accordion-item no-js\" data-initially-open=\"false\" data-click-to-close=\"true\" data-auto-close=\"false\" data-scroll=\"true\" data-scroll-offset=\"0\"><h6 id=\"at-423\" class=\"c-accordion__title js-accordion-controller\" role=\"button\">Beratung von Sch\u00fcler_innen<\/h6><div id=\"ac-423\" class=\"c-accordion__content\">\n<p><\/p>\n\n\n\n<ul>\n<li>Arbeit mit einzelnen jungen Menschen, Beratung und Information zu allen Lebensfragen bei individuellen Problemen, die sowohl innerhalb der Schule als auch im Umfeld des jungen Menschen ihre Ursachen haben k\u00f6nnen<\/li>\n\n\n\n<li>Vermittlung in weiterf\u00fchrende Hilfen und Fachdienste (z. B. Beratungsstellen, Jugendamt)<\/li>\n\n\n\n<li>Krisenintervention: Moderation in Krisensituationen bei Problemen einzelner Sch\u00fcler_innen als auch bei Gruppenkonflikten<\/li>\n\n\n\n<li>Krisenintervention: Vermittlung in weiterf\u00fchrende Hilfen und Fachdienste (z. B. Beratungsstellen, Jugendamt)<\/li>\n<\/ul>\n\n\n\n<p><\/p>\n<\/div><\/div>\n\n\n\n<div class=\"wp-block-pb-accordion-item c-accordion__item js-accordion-item no-js\" data-initially-open=\"false\" data-click-to-close=\"true\" data-auto-close=\"false\" data-scroll=\"true\" data-scroll-offset=\"0\"><h6 id=\"at-424\" class=\"c-accordion__title js-accordion-controller\" role=\"button\">Offene Angebote<\/h6><div id=\"ac-424\" class=\"c-accordion__content\">\n<p><\/p>\n\n\n\n<ul>\n<li>Angebote mit verschiedenen thematischen Ausrichtungen (z.B. Medienkompetenz, Sport, Ausfl\u00fcge, Ferienangebote, Projektwochen)<\/li>\n<\/ul>\n<\/div><\/div>\n\n\n\n<div class=\"wp-block-pb-accordion-item c-accordion__item js-accordion-item no-js\" data-initially-open=\"false\" data-click-to-close=\"true\" data-auto-close=\"false\" data-scroll=\"true\" data-scroll-offset=\"0\"><h6 id=\"at-425\" class=\"c-accordion__title js-accordion-controller\" role=\"button\">Unterst\u00fctzung von Eigeninitiative und ehrenamtlichen Engagement<\/h6><div id=\"ac-425\" class=\"c-accordion__content\">\n<p><\/p>\n\n\n\n<ul>\n<li>Unterst\u00fctzung bei von Sch\u00fclerinnen und Sch\u00fclern initiierten Themen und Angeboten (z.B. Streitschlichtertreffpunkte, Aktivit\u00e4ten innerhalb und au\u00dferhalb der Schule, die in keinem direkten Unterrichtskontext stehen)<\/li>\n\n\n\n<li>Unterst\u00fctzung bei gesellschaftlichen Engagement von Sch\u00fclerinnen und Sch\u00fclern<\/li>\n<\/ul>\n<\/div><\/div>\n\n\n\n<p><\/p>\n\n\n\n<div class=\"wp-block-pb-accordion-item c-accordion__item js-accordion-item no-js\" data-initially-open=\"false\" data-click-to-close=\"true\" data-auto-close=\"false\" data-scroll=\"true\" data-scroll-offset=\"0\"><h6 id=\"at-426\" class=\"c-accordion__title js-accordion-controller\" role=\"button\">Arbeit mit Eltern und Sorgeberechtigten<\/h6><div id=\"ac-426\" class=\"c-accordion__content\">\n<p><\/p>\n\n\n\n<ul>\n<li>Beratung von Eltern und Sorgeberechtigten bei schulbezogenen Schwierigkeiten der Kinder, bei Erziehungs- und Lebensfragen<\/li>\n\n\n\n<li>Beratung und Vermittlung bei Problemlagen zwischen Eltern bzw. jungen Menschen und im Schulkontext T\u00e4tigen<\/li>\n\n\n\n<li>Beratung und Unterst\u00fctzung der Elternvertretung<\/li>\n\n\n\n<li>Durchf\u00fchrung von Gruppenangeboten f\u00fcr und mit Eltern und Sorgeberechtigten<\/li>\n\n\n\n<li>Vermittlung in weiterf\u00fchrende Hilfen und Fachdienste (z. B. Beratungsstellen, Sozialamt, Jugendamt, Bundesagentur f\u00fcr Arbeit, Integrationsamt)<\/li>\n\n\n\n<li>Absprachen mit Familienhelfer, Erziehungsbeistand, Einzelfallhelfer<\/li>\n<\/ul>\n\n\n\n<p><\/p>\n\n\n\n<p><\/p>\n<\/div><\/div>\n\n\n\n<div class=\"wp-block-pb-accordion-item c-accordion__item js-accordion-item no-js\" data-initially-open=\"false\" data-click-to-close=\"true\" data-auto-close=\"false\" data-scroll=\"true\" data-scroll-offset=\"0\"><h6 id=\"at-427\" class=\"c-accordion__title js-accordion-controller\" role=\"button\">Arbeit mit im Schulkontext T\u00e4tigen<\/h6><div id=\"ac-427\" class=\"c-accordion__content\">\n<p><\/p>\n\n\n\n<ul>\n<li>Kooperation mit der Schulleitung und den Lehrer_innen<\/li>\n\n\n\n<li>Beratung und Unterst\u00fctzung bei schulbezogenen Fragestellungen<\/li>\n\n\n\n<li>beratende T\u00e4tigkeit in schulischen Gremien<\/li>\n<\/ul>\n\n\n\n<p><\/p>\n<\/div><\/div>\n\n\n\n<div class=\"wp-block-pb-accordion-item c-accordion__item js-accordion-item no-js\" data-initially-open=\"false\" data-click-to-close=\"true\" data-auto-close=\"false\" data-scroll=\"true\" data-scroll-offset=\"0\"><h6 id=\"at-428\" class=\"c-accordion__title js-accordion-controller\" role=\"button\">Zusammenarbeit mit Partnern in der Bildungslandschaft<\/h6><div id=\"ac-428\" class=\"c-accordion__content\">\n<p><\/p>\n\n\n\n<ul>\n<li>Jugendamt, Erziehungs- und Beratungsstelle, \u2026<\/li>\n\n\n\n<li>Sozialarbeiter_innen an GS im Landkreis (Treffen der Unter- AG Sozialarbeit an Grundschule)<\/li>\n\n\n\n<li>Vernetzung der au\u00dferunterrichtlichen Angebote der Schule mit Angeboten der Kinder- und Jugendhilfe<\/li>\n<\/ul>\n<\/div><\/div>\n\n\n\n<p><\/p>\n\n\n\n<figure class=\"wp-block-gallery has-nested-images columns-default is-cropped wp-block-gallery-2 is-layout-flex\"><\/figure>\n\n\n\n<figure class=\"wp-block-gallery has-nested-images columns-default is-cropped wp-block-gallery-4 is-layout-flex\"><\/figure>\n\n\n\n<figure class=\"wp-block-gallery has-nested-images columns-default is-cropped wp-block-gallery-6 is-layout-flex\"><\/figure>\n\n\n\n<figure class=\"wp-block-gallery has-nested-images columns-default is-cropped wp-block-gallery-8 is-layout-flex\"><\/figure>\n\n\n\n<figure class=\"wp-block-gallery has-nested-images columns-default is-cropped wp-block-gallery-10 is-layout-flex\"><\/figure>\n\n\n\n<figure class=\"wp-block-gallery has-nested-images columns-default is-cropped wp-block-gallery-12 is-layout-flex\"><\/figure>\n\n\n\n<figure class=\"wp-block-gallery has-nested-images columns-default is-cropped wp-block-gallery-14 is-layout-flex\"><\/figure>\n\n\n\n<figure class=\"wp-block-image\"><img alt=\"\"\/><\/figure>\n\n\n\n<figure class=\"wp-block-image\"><img alt=\"\"\/><\/figure>\n","protected":false},"excerpt":{"rendered":"<p>Mein Name ist Conny K\u00fchne, ich bin Sozialp\u00e4dagogin und seit dem 1. Februar 2018 als Mitarbeiterin des Humanistischen Regionalverbands Ostbrandenburg, in Vollzeit, f\u00fcr die Sozialarbeit an der Grundschule Erich K\u00e4stner in K\u00f6nigs Wusterhausen t\u00e4tig. Ich biete Ihren Kindern: Auch Ihnen als Eltern oder Erziehungsberechtigte m\u00f6chte ich beratend zur Seite stehen: Hier ein kleiner Einblick bzw. &hellip;<\/p>\n<p class=\"read-more\"> <a class=\"\" href=\"https:\/\/www.grundschuleerichkaestner.de\/?page_id=42\"> <span class=\"screen-reader-text\">Unsere Schulsozialarbeiterin stellt sich vor<\/span> Weiterlesen \u00bb<\/a><\/p>\n","protected":false},"author":3,"featured_media":0,"parent":0,"menu_order":0,"comment_status":"closed","ping_status":"closed","template":"","meta":{"site-sidebar-layout":"default","site-content-layout":"","ast-site-content-layout":"","site-content-style":"default","site-sidebar-style":"default","ast-global-header-display":"","ast-banner-title-visibility":"","ast-main-header-display":"","ast-hfb-above-header-display":"","ast-hfb-below-header-display":"","ast-hfb-mobile-header-display":"","site-post-title":"","ast-breadcrumbs-content":"","ast-featured-img":"","footer-sml-layout":"","theme-transparent-header-meta":"","adv-header-id-meta":"","stick-header-meta":"","header-above-stick-meta":"","header-main-stick-meta":"","header-below-stick-meta":"","astra-migrate-meta-layouts":""},"_links":{"self":[{"href":"https:\/\/www.grundschuleerichkaestner.de\/index.php?rest_route=\/wp\/v2\/pages\/42"}],"collection":[{"href":"https:\/\/www.grundschuleerichkaestner.de\/index.php?rest_route=\/wp\/v2\/pages"}],"about":[{"href":"https:\/\/www.grundschuleerichkaestner.de\/index.php?rest_route=\/wp\/v2\/types\/page"}],"author":[{"embeddable":true,"href":"https:\/\/www.grundschuleerichkaestner.de\/index.php?rest_route=\/wp\/v2\/users\/3"}],"replies":[{"embeddable":true,"href":"https:\/\/www.grundschuleerichkaestner.de\/index.php?rest_route=%2Fwp%2Fv2%2Fcomments&post=42"}],"version-history":[{"count":9,"href":"https:\/\/www.grundschuleerichkaestner.de\/index.php?rest_route=\/wp\/v2\/pages\/42\/revisions"}],"predecessor-version":[{"id":1207,"href":"https:\/\/www.grundschuleerichkaestner.de\/index.php?rest_route=\/wp\/v2\/pages\/42\/revisions\/1207"}],"wp:attachment":[{"href":"https:\/\/www.grundschuleerichkaestner.de\/index.php?rest_route=%2Fwp%2Fv2%2Fmedia&parent=42"}],"curies":[{"name":"wp","href":"https:\/\/api.w.org\/{rel}","templated":true}]}}