{"id":26,"date":"2023-05-20T19:36:22","date_gmt":"2023-05-20T19:36:22","guid":{"rendered":"http:\/\/wp.grundschuleerichkaestner.de\/?page_id=26"},"modified":"2023-05-28T06:07:45","modified_gmt":"2023-05-28T04:07:45","slug":"impressum","status":"publish","type":"page","link":"https:\/\/www.grundschuleerichkaestner.de\/?page_id=26","title":{"rendered":"Impressum"},"content":{"rendered":"\n<h2 class=\"wp-block-heading\">Kontakt<\/h2>\n\n\n\n<p>Grundschule Erich K\u00e4stner<br>Erich K\u00e4stner Stra\u00dfe 5 \u2013 9<br>15711 K\u00f6nigs Wusterhausen<br>Tel.: 03375 293665<br>Fax: 03375 468610\u00a0<br>email:\u00a0<a href=\"mailto:e.kaestner@schule.stadt-kw.de\">e.kaestner@schule.stadt-kw.de<\/a>\u00a0<\/p>\n\n\n\n<h2 class=\"wp-block-heading\">Impressum<\/h2>\n\n\n\n<p>Inhaltlich Verantwortliche f\u00fcr die Website: Fabian Kristeleit (Schulleiter)<br>Emailadresse des Webmaster:\u00a0<a href=\"mailto:e.kaestner@schule.stadt-kw.de\">e.kaestner@schule.stadt-kw.de<\/a><\/p>\n\n\n\n<h2 class=\"wp-block-heading\">Haftungsausschluss<\/h2>\n\n\n\n<p>Die Informationen auf dieser Website verstehen sich als \u201eAussagen an sich\u201c ohne implizite Garantien jedweder Art.<\/p>\n\n\n\n<p>Die&nbsp;bereitgestellten Informationen auf dieser Website wurden sorgf\u00e4ltig gepr\u00fcft und werden regelm\u00e4\u00dfig aktualisiert.&nbsp;Jedoch kann keine Garantie daf\u00fcr \u00fcbernommen werden, dass alle Angaben zu jeder Zeit vollst\u00e4ndig, richtig und in&nbsp;letzter Aktualit\u00e4t dargestellt sind. Dies gilt insbesondere f\u00fcr alle Verbindungen (\u201eLinks\u201c) zu anderen Webseiten, auf die&nbsp;direkt oder indirekt verwiesen wird.<\/p>\n\n\n\n<p>Alle Angaben k\u00f6nnen ohne vorherige Ank\u00fcndigung erg\u00e4nzt, entfernt oder ge\u00e4ndert&nbsp;werden. Au\u00dferdem liegt es nicht in unserer Verantwortung, Vorsichtsma\u00dfnahmen zu ergreifen gegen destruktive&nbsp;Programme oder Programmteile wie Viren, Worms, Trojanische Pferde o.\u00e4., die auf Webservern liegen, die m\u00f6glicherweise&nbsp;durch Links von dieser Website aus erreicht werden.<\/p>\n","protected":false},"excerpt":{"rendered":"<p>Kontakt Grundschule Erich K\u00e4stnerErich K\u00e4stner Stra\u00dfe 5 \u2013 915711 K\u00f6nigs WusterhausenTel.: 03375 293665Fax: 03375 468610\u00a0email:\u00a0e.kaestner@schule.stadt-kw.de\u00a0 Impressum Inhaltlich Verantwortliche f\u00fcr die Website: Fabian Kristeleit (Schulleiter)Emailadresse des Webmaster:\u00a0e.kaestner@schule.stadt-kw.de Haftungsausschluss Die Informationen auf dieser Website verstehen sich als \u201eAussagen an sich\u201c ohne implizite Garantien jedweder Art. Die&nbsp;bereitgestellten Informationen auf dieser Website wurden sorgf\u00e4ltig gepr\u00fcft und werden regelm\u00e4\u00dfig aktualisiert.&nbsp;Jedoch &hellip;<\/p>\n<p class=\"read-more\"> <a class=\"\" href=\"https:\/\/www.grundschuleerichkaestner.de\/?page_id=26\"> <span class=\"screen-reader-text\">Impressum<\/span> Weiterlesen \u00bb<\/a><\/p>\n","protected":false},"author":4,"featured_media":0,"parent":0,"menu_order":0,"comment_status":"closed","ping_status":"closed","template":"","meta":{"site-sidebar-layout":"default","site-content-layout":"","ast-site-content-layout":"","site-content-style":"default","site-sidebar-style":"default","ast-global-header-display":"","ast-banner-title-visibility":"","ast-main-header-display":"","ast-hfb-above-header-display":"","ast-hfb-below-header-display":"","ast-hfb-mobile-header-display":"","site-post-title":"disabled","ast-breadcrumbs-content":"","ast-featured-img":"","footer-sml-layout":"","theme-transparent-header-meta":"","adv-header-id-meta":"","stick-header-meta":"","header-above-stick-meta":"","header-main-stick-meta":"","header-below-stick-meta":"","astra-migrate-meta-layouts":""},"_links":{"self":[{"href":"https:\/\/www.grundschuleerichkaestner.de\/index.php?rest_route=\/wp\/v2\/pages\/26"}],"collection":[{"href":"https:\/\/www.grundschuleerichkaestner.de\/index.php?rest_route=\/wp\/v2\/pages"}],"about":[{"href":"https:\/\/www.grundschuleerichkaestner.de\/index.php?rest_route=\/wp\/v2\/types\/page"}],"author":[{"embeddable":true,"href":"https:\/\/www.grundschuleerichkaestner.de\/index.php?rest_route=\/wp\/v2\/users\/4"}],"replies":[{"embeddable":true,"href":"https:\/\/www.grundschuleerichkaestner.de\/index.php?rest_route=%2Fwp%2Fv2%2Fcomments&post=26"}],"version-history":[{"count":2,"href":"https:\/\/www.grundschuleerichkaestner.de\/index.php?rest_route=\/wp\/v2\/pages\/26\/revisions"}],"predecessor-version":[{"id":326,"href":"https:\/\/www.grundschuleerichkaestner.de\/index.php?rest_route=\/wp\/v2\/pages\/26\/revisions\/326"}],"wp:attachment":[{"href":"https:\/\/www.grundschuleerichkaestner.de\/index.php?rest_route=%2Fwp%2Fv2%2Fmedia&parent=26"}],"curies":[{"name":"wp","href":"https:\/\/api.w.org\/{rel}","templated":true}]}}