{"id":1781,"date":"2024-11-22T22:11:20","date_gmt":"2024-11-22T21:11:20","guid":{"rendered":"https:\/\/www.grundschuleerichkaestner.de\/?page_id=1781"},"modified":"2025-12-03T13:52:35","modified_gmt":"2025-12-03T12:52:35","slug":"hausaufgabenzimmer","status":"publish","type":"page","link":"https:\/\/www.grundschuleerichkaestner.de\/?page_id=1781","title":{"rendered":"Hausaufgabenzimmer"},"content":{"rendered":"\n<p>Auch in diesem Schuljahr bieten wir wieder das Hausaufgabenzimmer an, in dem Sch\u00fclerinnen und Sch\u00fcler der Klassenstufen 3-6 die M\u00f6glichkeit haben, nach dem Unterricht ihre Hausaufgaben zu machen und dabei Unterst\u00fctzung zu erhalten. Es findet im Raum 2.05 zu folgenden Zeiten statt:<br><br>Klassenstufe 3: dienstags und donnerstags in der 6. Stunde<br>Klassenstufe 4: dienstags in der 7. Stunde und donnerstags in der 6. Stunde<br>Klassenstufe 5\/6: dienstags und donnerstags in der 7. Stunde <\/p>\n","protected":false},"excerpt":{"rendered":"<p>Auch in diesem Schuljahr bieten wir wieder das Hausaufgabenzimmer an, in dem Sch\u00fclerinnen und Sch\u00fcler der Klassenstufen 3-6 die M\u00f6glichkeit haben, nach dem Unterricht ihre Hausaufgaben zu machen und dabei Unterst\u00fctzung zu erhalten. Es findet im Raum 2.05 zu folgenden Zeiten statt: Klassenstufe 3: dienstags und donnerstags in der 6. StundeKlassenstufe 4: dienstags in der &hellip;<\/p>\n<p class=\"read-more\"> <a class=\"\" href=\"https:\/\/www.grundschuleerichkaestner.de\/?page_id=1781\"> <span class=\"screen-reader-text\">Hausaufgabenzimmer<\/span> Weiterlesen \u00bb<\/a><\/p>\n","protected":false},"author":3,"featured_media":2134,"parent":0,"menu_order":0,"comment_status":"closed","ping_status":"closed","template":"","meta":{"site-sidebar-layout":"default","site-content-layout":"","ast-site-content-layout":"default","site-content-style":"default","site-sidebar-style":"default","ast-global-header-display":"","ast-banner-title-visibility":"","ast-main-header-display":"","ast-hfb-above-header-display":"","ast-hfb-below-header-display":"","ast-hfb-mobile-header-display":"","site-post-title":"","ast-breadcrumbs-content":"","ast-featured-img":"","footer-sml-layout":"","theme-transparent-header-meta":"","adv-header-id-meta":"","stick-header-meta":"","header-above-stick-meta":"","header-main-stick-meta":"","header-below-stick-meta":"","astra-migrate-meta-layouts":"set"},"_links":{"self":[{"href":"https:\/\/www.grundschuleerichkaestner.de\/index.php?rest_route=\/wp\/v2\/pages\/1781"}],"collection":[{"href":"https:\/\/www.grundschuleerichkaestner.de\/index.php?rest_route=\/wp\/v2\/pages"}],"about":[{"href":"https:\/\/www.grundschuleerichkaestner.de\/index.php?rest_route=\/wp\/v2\/types\/page"}],"author":[{"embeddable":true,"href":"https:\/\/www.grundschuleerichkaestner.de\/index.php?rest_route=\/wp\/v2\/users\/3"}],"replies":[{"embeddable":true,"href":"https:\/\/www.grundschuleerichkaestner.de\/index.php?rest_route=%2Fwp%2Fv2%2Fcomments&post=1781"}],"version-history":[{"count":5,"href":"https:\/\/www.grundschuleerichkaestner.de\/index.php?rest_route=\/wp\/v2\/pages\/1781\/revisions"}],"predecessor-version":[{"id":2175,"href":"https:\/\/www.grundschuleerichkaestner.de\/index.php?rest_route=\/wp\/v2\/pages\/1781\/revisions\/2175"}],"wp:featuredmedia":[{"embeddable":true,"href":"https:\/\/www.grundschuleerichkaestner.de\/index.php?rest_route=\/wp\/v2\/media\/2134"}],"wp:attachment":[{"href":"https:\/\/www.grundschuleerichkaestner.de\/index.php?rest_route=%2Fwp%2Fv2%2Fmedia&parent=1781"}],"curies":[{"name":"wp","href":"https:\/\/api.w.org\/{rel}","templated":true}]}}