{"id":16,"date":"2023-05-20T19:34:28","date_gmt":"2023-05-20T19:34:28","guid":{"rendered":"http:\/\/wp.grundschuleerichkaestner.de\/?page_id=16"},"modified":"2023-05-28T06:28:44","modified_gmt":"2023-05-28T04:28:44","slug":"datenschutzbestimmungen","status":"publish","type":"page","link":"https:\/\/www.grundschuleerichkaestner.de\/?page_id=16","title":{"rendered":"Datenschutzbestimmungen"},"content":{"rendered":"\n<h2 class=\"wp-block-heading\">Datenschutzbestimmungen<\/h2>\n\n\n\n<h4 class=\"wp-block-heading\"><strong>A. Name und Anschrift des Verantwortlichen (gem\u00e4\u00df Artikel 13 Absatz 1 Buchstabe a i. V. m. 4 Nummer 7 DSGVO)<\/strong><\/h4>\n\n\n\n<p>Grundschule Erich K\u00e4stner<br>Erich K\u00e4stner Stra\u00dfe 5-9<br>15711 K\u00f6nigs Wusterhausen<br>03375\/293665<br>e.kaestner@schule-kw.de<\/p>\n\n\n\n<p>Vertretungsberechtigt: Herr Fabian Kristeleit<\/p>\n\n\n\n<h4 class=\"wp-block-heading\"><strong>B. Kontaktdaten der Datenschutzbeauftragten (gem\u00e4\u00df Artikel 13 Absatz 1 Buchstabe b<\/strong> <strong>DSGVO<\/strong>)<\/h4>\n\n\n\n<p>Telefonnummer: 03375\/293665<br>Emailadresse: e.kaestner@schule-kw.de<\/p>\n\n\n\n<h4 class=\"wp-block-heading\"><strong>C. Information \u00fcber die Erhebung personenbezogener Daten, Speicherdauer<\/strong><\/h4>\n\n\n\n<p>trifft hier nicht zu<\/p>\n\n\n\n<h4 class=\"wp-block-heading\"><strong>D. Erhebung und Zwecke der Verarbeitung personenbezogener Daten bei Besuch unserer Website<\/strong><\/h4>\n\n\n\n<p>Bei der blo\u00df informatorischen Nutzung der Website, also wenn Sie sich nicht registrieren oder uns anderweitig Informationen \u00fcbermitteln, erheben wir nur die personenbezogenen Daten, die Ihr Browser an unseren Server \u00fcbermittelt. Wenn Sie unsere Website betrachten, erheben wir die folgenden Daten, die f\u00fcr uns technisch erforderlich sind, um Ihnen unsere Website anzuzeigen und die Stabilit\u00e4t und Sicherheit zu gew\u00e4hrleisten. Die Verarbeitung erfolgt allein f\u00fcr diese Zwecke:<\/p>\n\n\n\n<ul>\n<li>IP-Adresse<\/li>\n\n\n\n<li>Datum und Uhrzeit der Anfrage<\/li>\n\n\n\n<li>Zeitzonendifferenz zur Greenwich Mean Time (GMT)<\/li>\n\n\n\n<li>Inhalt der Anforderung (konkrete Seite)<\/li>\n\n\n\n<li>Zugriffsstatus\/HTTP-Statuscode<\/li>\n\n\n\n<li>jeweils \u00fcbertragene Datenmenge<\/li>\n\n\n\n<li>Website, von der die Anforderung kommt<\/li>\n\n\n\n<li>Browser<\/li>\n\n\n\n<li>Betriebssystem und dessen Oberfl\u00e4che<\/li>\n\n\n\n<li>Sprache und Version der Browsersoftware<\/li>\n<\/ul>\n\n\n\n<h4 class=\"wp-block-heading\"><strong>E. Erhebung und Zwecke der Verarbeitung personenbezogener Daten bei Kontaktaufnahme<\/strong><\/h4>\n\n\n\n<p>trifft hier nicht zu<\/p>\n\n\n\n<h4 class=\"wp-block-heading\"><strong>F. Verwendung von Cookies<\/strong><\/h4>\n\n\n\n<p>Dieses Internet-Angebot verwendet\u00a0<strong>keine Cookies<\/strong>.<\/p>\n\n\n\n<h4 class=\"wp-block-heading\"><strong>G. Betroffenenrecht (Art. 13 Absatz 2 Buchstabe b bis f DSGVO)<\/strong><\/h4>\n\n\n\n<p>Sie k\u00f6nnen folgende Rechte geltend machen:<\/p>\n\n\n\n<ul>\n<li><strong>Auskunft \/ Akteneinsicht (Art. 13 Abs. 2 Buchst. b DSGVO):<\/strong> Gem. Art. 15 DSGVO haben Sie das Recht, Auskunft bzw. Akteneinsicht \u00fcber die von uns verarbeiteten personenbezogenen Daten zu erhalten.<\/li>\n\n\n\n<li><strong>Berichtigung (Art. 13 Abs. 2 Buchst. b DSGVO): <\/strong>Sind bei uns gespeicherte personenbezogene Daten unrichtig oder unvollst\u00e4ndig, haben Sie gem. Art. 16 DSGVO das Recht, diese berichtigen bzw. vervollst\u00e4ndigen zu lassen.<\/li>\n\n\n\n<li><strong>L\u00f6schung (Art. 13 Abs. 2 Buchst. b DSGVO): <\/strong>Art. 17 DSGVO normiert das Recht auf L\u00f6schung personenbezogener Daten. Dieses Recht steht Ihnen insbesondre dann zu, wenn die Speicherung der personenbezogenen Daten zur Erf\u00fcllung unserer gesetzlichen Aufgaben nicht oder nicht mehr erforderlich ist oder eine etwaige Einwilligung widerrufen wurde.<\/li>\n\n\n\n<li><strong>Einschr\u00e4nkung der Verarbeitung (Art. 13 Abs. 2 Buchst. b DSGVO): <\/strong>Gem. Art. 18 DSGVO k\u00f6nnen Sie die Einschr\u00e4nkung der personenbezogenen Daten verlangen, wenn\n<ul>\n<li>die Richtigkeit der Daten von Ihnen bestritten wird<\/li>\n\n\n\n<li>die Verarbeitung unrechtm\u00e4\u00dfig ist, Sie aber deren L\u00f6schung ablehnen<\/li>\n\n\n\n<li>wir die Daten nicht mehr ben\u00f6tigen, Sie jedoch diese zur Geltendmachung, Aus\u00fcbung oder Verteidigung von Rechtsanspr\u00fcchen ben\u00f6tigen<\/li>\n\n\n\n<li>oder Sie gem\u00e4\u00df Art. 21 DSGVO Widerspruch gegen die Verarbeitung eingelegt haben<\/li>\n<\/ul>\n<\/li>\n\n\n\n<li><strong>Widerspruch (Art. 13 Abs. 2 Buchst. b DSGVO):<\/strong> Sie k\u00f6nnen bei Gr\u00fcnden, die sich aus Ihrer besonderen Situation ergeben, ein Widerspruchsrecht geltend machen. Gem. Art. 21 DSGVO ist jedoch zu ber\u00fccksichtigen, ob schutzw\u00fcrdige Gr\u00fcnde f\u00fcr die Verarbeitung vorliegen oder die Verarbeitung und der Geltendmachung, Aus\u00fcbung oder Verteidigung von Rechtsanspr\u00fcchen dient.<\/li>\n\n\n\n<li><strong>Recht auf Widerruf der Einwilligung (Art. 13 Abs. 2 Buchst. c DSGVO): <\/strong>Soweit die Verarbeitung der personenbezogenen Daten auf Grundlage einer Einwilligung erfolgt, kann der Betroffene diese jederzeit f\u00fcr den entsprechenden Zweck widerrufen. Die Rechtsm\u00e4\u00dfigkeit der Verarbeitung aufgrund der get\u00e4tigten Einwilligung bleibt bis zum Eingang des Widerrufs unber\u00fchrt.<\/li>\n\n\n\n<li><strong>Beschwerde (Art. 13 Abs. 2 Buchst. d DSGVO): <\/strong>Art. 77 DSGVO normiert ein Beschwerderecht bei der Aufsichtsbeh\u00f6rde. Die f\u00fcr uns zust\u00e4ndige Aufsichtsbeh\u00f6rde ist: <\/li>\n<\/ul>\n\n\n\n<p>Landesbeauftragte f\u00fcr den Datenschutz und f\u00fcr das Recht auf Akteneinsicht<\/p>\n\n\n\n<p>Stahnsdorfer Damm 77<br>14532 Kleinmachnow<br>Tel. 033203\/356-0<br>Fax 033203\/356-49<br>Poststelle@LDA.Brandenburg.de<\/p>\n","protected":false},"excerpt":{"rendered":"<p>Datenschutzbestimmungen A. Name und Anschrift des Verantwortlichen (gem\u00e4\u00df Artikel 13 Absatz 1 Buchstabe a i. V. m. 4 Nummer 7 DSGVO) Grundschule Erich K\u00e4stnerErich K\u00e4stner Stra\u00dfe 5-915711 K\u00f6nigs Wusterhausen03375\/293665e.kaestner@schule-kw.de Vertretungsberechtigt: Herr Fabian Kristeleit B. Kontaktdaten der Datenschutzbeauftragten (gem\u00e4\u00df Artikel 13 Absatz 1 Buchstabe b DSGVO) Telefonnummer: 03375\/293665Emailadresse: e.kaestner@schule-kw.de C. Information \u00fcber die Erhebung personenbezogener Daten, &hellip;<\/p>\n<p class=\"read-more\"> <a class=\"\" href=\"https:\/\/www.grundschuleerichkaestner.de\/?page_id=16\"> <span class=\"screen-reader-text\">Datenschutzbestimmungen<\/span> Weiterlesen \u00bb<\/a><\/p>\n","protected":false},"author":4,"featured_media":0,"parent":0,"menu_order":0,"comment_status":"closed","ping_status":"closed","template":"","meta":{"site-sidebar-layout":"default","site-content-layout":"","ast-site-content-layout":"","site-content-style":"default","site-sidebar-style":"default","ast-global-header-display":"","ast-banner-title-visibility":"","ast-main-header-display":"","ast-hfb-above-header-display":"","ast-hfb-below-header-display":"","ast-hfb-mobile-header-display":"","site-post-title":"disabled","ast-breadcrumbs-content":"","ast-featured-img":"","footer-sml-layout":"","theme-transparent-header-meta":"","adv-header-id-meta":"","stick-header-meta":"","header-above-stick-meta":"","header-main-stick-meta":"","header-below-stick-meta":"","astra-migrate-meta-layouts":""},"_links":{"self":[{"href":"https:\/\/www.grundschuleerichkaestner.de\/index.php?rest_route=\/wp\/v2\/pages\/16"}],"collection":[{"href":"https:\/\/www.grundschuleerichkaestner.de\/index.php?rest_route=\/wp\/v2\/pages"}],"about":[{"href":"https:\/\/www.grundschuleerichkaestner.de\/index.php?rest_route=\/wp\/v2\/types\/page"}],"author":[{"embeddable":true,"href":"https:\/\/www.grundschuleerichkaestner.de\/index.php?rest_route=\/wp\/v2\/users\/4"}],"replies":[{"embeddable":true,"href":"https:\/\/www.grundschuleerichkaestner.de\/index.php?rest_route=%2Fwp%2Fv2%2Fcomments&post=16"}],"version-history":[{"count":3,"href":"https:\/\/www.grundschuleerichkaestner.de\/index.php?rest_route=\/wp\/v2\/pages\/16\/revisions"}],"predecessor-version":[{"id":328,"href":"https:\/\/www.grundschuleerichkaestner.de\/index.php?rest_route=\/wp\/v2\/pages\/16\/revisions\/328"}],"wp:attachment":[{"href":"https:\/\/www.grundschuleerichkaestner.de\/index.php?rest_route=%2Fwp%2Fv2%2Fmedia&parent=16"}],"curies":[{"name":"wp","href":"https:\/\/api.w.org\/{rel}","templated":true}]}}